{"id":1695,"date":"2020-07-15T11:23:04","date_gmt":"2020-07-15T15:23:04","guid":{"rendered":"https:\/\/tandemgroup.ca\/thank-you\/"},"modified":"2024-02-01T15:48:06","modified_gmt":"2024-02-01T20:48:06","slug":"merci","status":"publish","type":"page","link":"https:\/\/tandemgroup.ca\/fr\/merci\/","title":{"rendered":"Merci"},"content":{"rendered":"\t\t<div data-elementor-type=\"wp-page\" data-elementor-id=\"1695\" class=\"elementor elementor-1695 elementor-995\" data-elementor-post-type=\"page\">\n\t\t\t\t\t\t<section class=\"elementor-section elementor-top-section elementor-element elementor-element-562606a elementor-section-boxed elementor-section-height-default elementor-section-height-default\" data-id=\"562606a\" data-element_type=\"section\" data-e-type=\"section\" data-settings=\"{&quot;jet_parallax_layout_list&quot;:[{&quot;jet_parallax_layout_image&quot;:{&quot;url&quot;:&quot;&quot;,&quot;id&quot;:&quot;&quot;,&quot;size&quot;:&quot;&quot;},&quot;_id&quot;:&quot;86873fb&quot;,&quot;jet_parallax_layout_image_tablet&quot;:{&quot;url&quot;:&quot;&quot;,&quot;id&quot;:&quot;&quot;,&quot;size&quot;:&quot;&quot;},&quot;jet_parallax_layout_image_mobile&quot;:{&quot;url&quot;:&quot;&quot;,&quot;id&quot;:&quot;&quot;,&quot;size&quot;:&quot;&quot;},&quot;jet_parallax_layout_speed&quot;:{&quot;unit&quot;:&quot;%&quot;,&quot;size&quot;:&quot;50&quot;,&quot;sizes&quot;:[]},&quot;jet_parallax_layout_bg_x&quot;:&quot;50&quot;,&quot;jet_parallax_layout_bg_y&quot;:&quot;50&quot;,&quot;jet_parallax_layout_type&quot;:&quot;scroll&quot;,&quot;jet_parallax_layout_direction&quot;:&quot;1&quot;,&quot;jet_parallax_layout_fx_direction&quot;:null,&quot;jet_parallax_layout_z_index&quot;:&quot;&quot;,&quot;jet_parallax_layout_bg_x_tablet&quot;:&quot;&quot;,&quot;jet_parallax_layout_bg_x_mobile&quot;:&quot;&quot;,&quot;jet_parallax_layout_bg_y_tablet&quot;:&quot;&quot;,&quot;jet_parallax_layout_bg_y_mobile&quot;:&quot;&quot;,&quot;jet_parallax_layout_bg_size&quot;:&quot;auto&quot;,&quot;jet_parallax_layout_bg_size_tablet&quot;:&quot;&quot;,&quot;jet_parallax_layout_bg_size_mobile&quot;:&quot;&quot;,&quot;jet_parallax_layout_animation_prop&quot;:&quot;transform&quot;,&quot;jet_parallax_layout_on&quot;:[&quot;desktop&quot;,&quot;tablet&quot;]}],&quot;background_background&quot;:&quot;classic&quot;}\">\n\t\t\t\t\t\t\t<div class=\"elementor-background-overlay\"><\/div>\n\t\t\t\t\t\t\t<div class=\"elementor-container elementor-column-gap-no\">\n\t\t\t\t\t<div class=\"elementor-column elementor-col-100 elementor-top-column elementor-element elementor-element-88e8d0b\" data-id=\"88e8d0b\" data-element_type=\"column\" data-e-type=\"column\">\n\t\t\t<div class=\"elementor-widget-wrap elementor-element-populated\">\n\t\t\t\t\t\t<div class=\"elementor-element elementor-element-0a5e1ee elementor-widget elementor-widget-heading\" data-id=\"0a5e1ee\" data-element_type=\"widget\" data-e-type=\"widget\" data-widget_type=\"heading.default\">\n\t\t\t\t<div class=\"elementor-widget-container\">\n\t\t\t\t\t<h1 class=\"elementor-heading-title elementor-size-default\">MERCI !<\/h1>\t\t\t\t<\/div>\n\t\t\t\t<\/div>\n\t\t\t\t<div class=\"elementor-element elementor-element-df533ad elementor-widget elementor-widget-heading\" data-id=\"df533ad\" data-element_type=\"widget\" data-e-type=\"widget\" data-widget_type=\"heading.default\">\n\t\t\t\t<div class=\"elementor-widget-container\">\n\t\t\t\t\t<h2 class=\"elementor-heading-title elementor-size-default\">Notre \u00e9quipe vous r\u00e9pondra dans les plus brefs d\u00e9lais.<\/h2>\t\t\t\t<\/div>\n\t\t\t\t<\/div>\n\t\t\t\t<div class=\"elementor-element elementor-element-6c6e74f elementor-align-center elementor-mobile-align-center elementor-widget elementor-widget-raven-button\" data-id=\"6c6e74f\" data-element_type=\"widget\" data-e-type=\"widget\" data-settings=\"{&quot;turn_to_popup_action_button&quot;:&quot;no&quot;}\" data-widget_type=\"raven-button.default\">\n\t\t\t\t<div class=\"elementor-widget-container\">\n\t\t\t\t\t\t\t<div class=\"raven-widget-wrapper\">\n\t\t\t<a class=\"raven-button raven-button-widget-normal-effect-none  raven-button-text-align-center raven-button-link elementor-animation-none\" href=\"https:\/\/tandemgroup.ca\/fr\/\">\t\t\t\t<div class=\"raven-button-overlay\" ><\/div>\n\t\t\t\t<span class=\"raven-button-content\">\n\t\t\t\t\t\n\t\t\t\t\t<div class=\"button-text-container\">\n\t\t\t\t\t\t\t\t\t\t\t\t<div class=\"raven-button-texts-wrapper\">\n\t\t\t\t\t\t\t<div class=\"button-text\">\n\t\t\t\t\t\t\t\t<span class=\"raven-button-text\">\n\t\t\t\t\t\t\t\t\tRetour \u00e0 l'accueil\t\t\t\t\t\t\t\t<\/span>\n\t\t\t\t\t\t\t<\/div>\n\t\t\t\t\t\t\t\t\t\t\t\t\t<\/div>\n\t\t\t\t\t\t\t\t\t\t\t<\/div>\n\t\t\t\t\t\n\t\t\t\t\t\t\t\t\t<\/span>\n\t\t\t<\/a>\t\t<\/div>\n\t\t\t\t\t\t<\/div>\n\t\t\t\t<\/div>\n\t\t\t\t\t<\/div>\n\t\t<\/div>\n\t\t\t\t\t<\/div>\n\t\t<\/section>\n\t\t\t\t<\/div>\n\t\t","protected":false},"excerpt":{"rendered":"<p>MERCI ! Notre \u00e9quipe vous r\u00e9pondra dans les plus brefs d\u00e9lais. Retour \u00e0 l&rsquo;accueil<\/p>\n","protected":false},"author":1,"featured_media":0,"parent":0,"menu_order":0,"comment_status":"closed","ping_status":"closed","template":"full-width.php","meta":{"_acf_changed":false,"footnotes":""},"class_list":["post-1695","page","type-page","status-publish","hentry"],"acf":[],"yoast_head":"<!-- This site is optimized with the Yoast SEO Premium plugin v27.0 (Yoast SEO v27.3) - https:\/\/yoast.com\/product\/yoast-seo-premium-wordpress\/ -->\n<title>Merci | Tandem Networks Inc.<\/title>\n<meta name=\"robots\" content=\"index, follow, max-snippet:-1, max-image-preview:large, max-video-preview:-1\" \/>\n<link rel=\"canonical\" href=\"https:\/\/tandemgroup.ca\/fr\/merci\/\" \/>\n<meta property=\"og:locale\" content=\"fr_FR\" \/>\n<meta property=\"og:type\" content=\"article\" \/>\n<meta property=\"og:title\" content=\"Merci\" \/>\n<meta property=\"og:description\" content=\"MERCI ! Notre \u00e9quipe vous r\u00e9pondra dans les plus brefs d\u00e9lais. Retour \u00e0 l&rsquo;accueil\" \/>\n<meta property=\"og:url\" content=\"https:\/\/tandemgroup.ca\/fr\/merci\/\" \/>\n<meta property=\"og:site_name\" content=\"Tandem Networks Inc.\" \/>\n<meta property=\"article:modified_time\" content=\"2024-02-01T20:48:06+00:00\" \/>\n<meta property=\"og:image\" content=\"https:\/\/tandemgroup.ca\/wp-content\/uploads\/2020\/07\/tandem-fb-2020.jpg\" \/>\n\t<meta property=\"og:image:width\" content=\"1200\" \/>\n\t<meta property=\"og:image:height\" content=\"628\" \/>\n\t<meta property=\"og:image:type\" content=\"image\/jpeg\" \/>\n<meta name=\"twitter:card\" content=\"summary_large_image\" \/>\n<meta name=\"twitter:label1\" content=\"Dur\u00e9e de lecture estim\u00e9e\" \/>\n\t<meta name=\"twitter:data1\" content=\"1 minute\" \/>\n<script type=\"application\/ld+json\" class=\"yoast-schema-graph\">{\"@context\":\"https:\\\/\\\/schema.org\",\"@graph\":[{\"@type\":\"WebPage\",\"@id\":\"https:\\\/\\\/tandemgroup.ca\\\/fr\\\/merci\\\/\",\"url\":\"https:\\\/\\\/tandemgroup.ca\\\/fr\\\/merci\\\/\",\"name\":\"Merci | Tandem Networks Inc.\",\"isPartOf\":{\"@id\":\"https:\\\/\\\/tandemgroup.ca\\\/fr\\\/#website\"},\"datePublished\":\"2020-07-15T15:23:04+00:00\",\"dateModified\":\"2024-02-01T20:48:06+00:00\",\"breadcrumb\":{\"@id\":\"https:\\\/\\\/tandemgroup.ca\\\/fr\\\/merci\\\/#breadcrumb\"},\"inLanguage\":\"fr-FR\",\"potentialAction\":[{\"@type\":\"ReadAction\",\"target\":[\"https:\\\/\\\/tandemgroup.ca\\\/fr\\\/merci\\\/\"]}]},{\"@type\":\"BreadcrumbList\",\"@id\":\"https:\\\/\\\/tandemgroup.ca\\\/fr\\\/merci\\\/#breadcrumb\",\"itemListElement\":[{\"@type\":\"ListItem\",\"position\":1,\"name\":\"Home\",\"item\":\"https:\\\/\\\/tandemgroup.ca\\\/fr\\\/\"},{\"@type\":\"ListItem\",\"position\":2,\"name\":\"Merci\"}]},{\"@type\":\"WebSite\",\"@id\":\"https:\\\/\\\/tandemgroup.ca\\\/fr\\\/#website\",\"url\":\"https:\\\/\\\/tandemgroup.ca\\\/fr\\\/\",\"name\":\"Tandem Networks Inc.\",\"description\":\"Broad services. Invariable quality.\",\"publisher\":{\"@id\":\"https:\\\/\\\/tandemgroup.ca\\\/fr\\\/#organization\"},\"potentialAction\":[{\"@type\":\"SearchAction\",\"target\":{\"@type\":\"EntryPoint\",\"urlTemplate\":\"https:\\\/\\\/tandemgroup.ca\\\/fr\\\/?s={search_term_string}\"},\"query-input\":{\"@type\":\"PropertyValueSpecification\",\"valueRequired\":true,\"valueName\":\"search_term_string\"}}],\"inLanguage\":\"fr-FR\"},{\"@type\":\"Organization\",\"@id\":\"https:\\\/\\\/tandemgroup.ca\\\/fr\\\/#organization\",\"name\":\"Tandem Network Inc.\",\"url\":\"https:\\\/\\\/tandemgroup.ca\\\/fr\\\/\",\"logo\":{\"@type\":\"ImageObject\",\"inLanguage\":\"fr-FR\",\"@id\":\"https:\\\/\\\/tandemgroup.ca\\\/fr\\\/#\\\/schema\\\/logo\\\/image\\\/\",\"url\":\"https:\\\/\\\/tandemgroup.ca\\\/wp-content\\\/uploads\\\/2020\\\/07\\\/favicons.png\",\"contentUrl\":\"https:\\\/\\\/tandemgroup.ca\\\/wp-content\\\/uploads\\\/2020\\\/07\\\/favicons.png\",\"width\":192,\"height\":82,\"caption\":\"Tandem Network Inc.\"},\"image\":{\"@id\":\"https:\\\/\\\/tandemgroup.ca\\\/fr\\\/#\\\/schema\\\/logo\\\/image\\\/\"}}]}<\/script>\n<!-- \/ Yoast SEO Premium plugin. -->","yoast_head_json":{"title":"Merci | Tandem Networks Inc.","robots":{"index":"index","follow":"follow","max-snippet":"max-snippet:-1","max-image-preview":"max-image-preview:large","max-video-preview":"max-video-preview:-1"},"canonical":"https:\/\/tandemgroup.ca\/fr\/merci\/","og_locale":"fr_FR","og_type":"article","og_title":"Merci","og_description":"MERCI ! Notre \u00e9quipe vous r\u00e9pondra dans les plus brefs d\u00e9lais. Retour \u00e0 l&rsquo;accueil","og_url":"https:\/\/tandemgroup.ca\/fr\/merci\/","og_site_name":"Tandem Networks Inc.","article_modified_time":"2024-02-01T20:48:06+00:00","og_image":[{"width":1200,"height":628,"url":"https:\/\/tandemgroup.ca\/wp-content\/uploads\/2020\/07\/tandem-fb-2020.jpg","type":"image\/jpeg"}],"twitter_card":"summary_large_image","twitter_misc":{"Dur\u00e9e de lecture estim\u00e9e":"1 minute"},"schema":{"@context":"https:\/\/schema.org","@graph":[{"@type":"WebPage","@id":"https:\/\/tandemgroup.ca\/fr\/merci\/","url":"https:\/\/tandemgroup.ca\/fr\/merci\/","name":"Merci | Tandem Networks Inc.","isPartOf":{"@id":"https:\/\/tandemgroup.ca\/fr\/#website"},"datePublished":"2020-07-15T15:23:04+00:00","dateModified":"2024-02-01T20:48:06+00:00","breadcrumb":{"@id":"https:\/\/tandemgroup.ca\/fr\/merci\/#breadcrumb"},"inLanguage":"fr-FR","potentialAction":[{"@type":"ReadAction","target":["https:\/\/tandemgroup.ca\/fr\/merci\/"]}]},{"@type":"BreadcrumbList","@id":"https:\/\/tandemgroup.ca\/fr\/merci\/#breadcrumb","itemListElement":[{"@type":"ListItem","position":1,"name":"Home","item":"https:\/\/tandemgroup.ca\/fr\/"},{"@type":"ListItem","position":2,"name":"Merci"}]},{"@type":"WebSite","@id":"https:\/\/tandemgroup.ca\/fr\/#website","url":"https:\/\/tandemgroup.ca\/fr\/","name":"Tandem Networks Inc.","description":"Broad services. Invariable quality.","publisher":{"@id":"https:\/\/tandemgroup.ca\/fr\/#organization"},"potentialAction":[{"@type":"SearchAction","target":{"@type":"EntryPoint","urlTemplate":"https:\/\/tandemgroup.ca\/fr\/?s={search_term_string}"},"query-input":{"@type":"PropertyValueSpecification","valueRequired":true,"valueName":"search_term_string"}}],"inLanguage":"fr-FR"},{"@type":"Organization","@id":"https:\/\/tandemgroup.ca\/fr\/#organization","name":"Tandem Network Inc.","url":"https:\/\/tandemgroup.ca\/fr\/","logo":{"@type":"ImageObject","inLanguage":"fr-FR","@id":"https:\/\/tandemgroup.ca\/fr\/#\/schema\/logo\/image\/","url":"https:\/\/tandemgroup.ca\/wp-content\/uploads\/2020\/07\/favicons.png","contentUrl":"https:\/\/tandemgroup.ca\/wp-content\/uploads\/2020\/07\/favicons.png","width":192,"height":82,"caption":"Tandem Network Inc."},"image":{"@id":"https:\/\/tandemgroup.ca\/fr\/#\/schema\/logo\/image\/"}}]}},"_links":{"self":[{"href":"https:\/\/tandemgroup.ca\/fr\/wp-json\/wp\/v2\/pages\/1695","targetHints":{"allow":["GET"]}}],"collection":[{"href":"https:\/\/tandemgroup.ca\/fr\/wp-json\/wp\/v2\/pages"}],"about":[{"href":"https:\/\/tandemgroup.ca\/fr\/wp-json\/wp\/v2\/types\/page"}],"author":[{"embeddable":true,"href":"https:\/\/tandemgroup.ca\/fr\/wp-json\/wp\/v2\/users\/1"}],"replies":[{"embeddable":true,"href":"https:\/\/tandemgroup.ca\/fr\/wp-json\/wp\/v2\/comments?post=1695"}],"version-history":[{"count":4,"href":"https:\/\/tandemgroup.ca\/fr\/wp-json\/wp\/v2\/pages\/1695\/revisions"}],"predecessor-version":[{"id":1762,"href":"https:\/\/tandemgroup.ca\/fr\/wp-json\/wp\/v2\/pages\/1695\/revisions\/1762"}],"wp:attachment":[{"href":"https:\/\/tandemgroup.ca\/fr\/wp-json\/wp\/v2\/media?parent=1695"}],"curies":[{"name":"wp","href":"https:\/\/api.w.org\/{rel}","templated":true}]}}